{"id":22989035,"date":"2024-01-25T17:13:24","date_gmt":"2024-01-25T16:13:24","guid":{"rendered":"https:\/\/ibseguretat.com\/casos-de-exito\/"},"modified":"2024-02-06T17:22:32","modified_gmt":"2024-02-06T16:22:32","slug":"casos-de-exito","status":"publish","type":"page","link":"https:\/\/ibseguretat.com\/es\/casos-de-exito\/","title":{"rendered":"Casos de \u00e9xito"},"content":{"rendered":"<p>[et_pb_section fb_built=\u00bb1&#8243; _builder_version=\u00bb4.23.1&#8243; background_color=\u00bb#195BBC\u00bb use_background_color_gradient=\u00bbon\u00bb background_color_gradient_direction=\u00bb90deg\u00bb background_color_gradient_stops=\u00bb#1d1e1c 0%|rgba(29,30,28,0.4) 100%\u00bb background_color_gradient_overlays_image=\u00bbon\u00bb background_image=\u00bbhttp:\/\/ibseguretat.com\/wp-content\/uploads\/2023\/11\/Banner-IB-Seguretat-Home.jpg\u00bb background_position=\u00bbcenter_right\u00bb background_enable_video_mp4=\u00bboff\u00bb background_last_edited=\u00bbon|phone\u00bb background_image_phone=\u00bbhttp:\/\/ibseguretat.com\/wp-content\/uploads\/2023\/11\/Banner-IB-Seguretat-Home-M.jpg\u00bb background_enable_image_phone=\u00bbon\u00bb background_position_phone=\u00bbcenter\u00bb saved_tabs=\u00bball\u00bb global_colors_info=\u00bb{}\u00bb][et_pb_row _builder_version=\u00bb4.23.1&#8243; max_width=\u00bb100%\u00bb global_colors_info=\u00bb{}\u00bb][et_pb_column type=\u00bb4_4&#8243; _builder_version=\u00bb4.16&#8243; custom_padding=\u00bb|||\u00bb global_colors_info=\u00bb{}\u00bb custom_padding__hover=\u00bb|||\u00bb][et_pb_text _builder_version=\u00bb4.23.4&#8243; _module_preset=\u00bbdefault\u00bb header_font=\u00bb|300|||||||\u00bb header_text_color=\u00bb#FFFFFF\u00bb header_font_size=\u00bb25px\u00bb header_line_height=\u00bb1.4em\u00bb locked=\u00bboff\u00bb global_colors_info=\u00bb{}\u00bb]<\/p>\n<h1>Casos de \u00e9xito<\/h1>\n<p>[\/et_pb_text][\/et_pb_column][\/et_pb_row][\/et_pb_section][et_pb_section fb_built=\u00bb1&#8243; _builder_version=\u00bb4.23.4&#8243; _module_preset=\u00bbdefault\u00bb global_colors_info=\u00bb{}\u00bb][et_pb_row column_structure=\u00bb1_2,1_2&#8243; _builder_version=\u00bb4.23.4&#8243; _module_preset=\u00bbdefault\u00bb global_colors_info=\u00bb{}\u00bb][et_pb_column type=\u00bb1_2&#8243; _builder_version=\u00bb4.23.4&#8243; _module_preset=\u00bbdefault\u00bb global_colors_info=\u00bb{}\u00bb][et_pb_image src=\u00bbhttps:\/\/ibseguretat.com\/wp-content\/uploads\/2024\/02\/toni_Catany.png\u00bb title_text=\u00bbtoni_Catany\u00bb _builder_version=\u00bb4.24.0&#8243; _module_preset=\u00bbdefault\u00bb hover_enabled=\u00bb0&#8243; global_colors_info=\u00bb{}\u00bb sticky_enabled=\u00bb0&#8243;][\/et_pb_image][\/et_pb_column][et_pb_column type=\u00bb1_2&#8243; _builder_version=\u00bb4.23.4&#8243; _module_preset=\u00bbdefault\u00bb global_colors_info=\u00bb{}\u00bb][et_pb_heading title=\u00bbCentro Internacional de Fotografia Toni Catany\u00bb _builder_version=\u00bb4.23.4&#8243; _module_preset=\u00bbdefault\u00bb global_colors_info=\u00bb{}\u00bb][\/et_pb_heading][et_pb_text _builder_version=\u00bb4.23.4&#8243; _module_preset=\u00bbdefault\u00bb global_colors_info=\u00bb{}\u00bb]<\/p>\n<div class=\"xdj266r x11i5rnm xat24cr x1mh8g0r x1vvkbs x126k92a\">\n<div dir=\"auto\">Damos las gracias al Centro Internacional de Fotograf\u00eda Toni Catany ya su fundaci\u00f3n por confiar en IB Seguridad por sus sistemas de seguridad.<\/div>\n<\/div>\n<div class=\"x11i5rnm xat24cr x1mh8g0r x1vvkbs xtlvy1s x126k92a\">\n<div dir=\"auto\">Le animamos a ver su p\u00e1gina web, donde ofrece una interesante agenda cultural de exposiciones y actividades<\/div>\n<div dir=\"auto\"><\/div>\n<div dir=\"auto\"><\/div>\n<div dir=\"auto\"><\/div>\n<div dir=\"auto\"><\/div>\n<\/div>\n<div class=\"x11i5rnm xat24cr x1mh8g0r x1vvkbs xtlvy1s x126k92a\">\n<div dir=\"auto\"><span><a class=\"x1i10hfl xjbqb8w x1ejq31n xd10rxx x1sy0etr x17r0tee x972fbf xcfux6l x1qhh985 xm0m39n x9f619 x1ypdohk xt0psk2 xe8uvvx xdj266r x11i5rnm xat24cr x1mh8g0r xexx8yu x4uap5 x18d9i69 xkhd6sd x16tdsg8 x1hl2dhg xggy1nq x1a2a7pz xt0b8zv x1fey0fg\" href=\"https:\/\/fundaciotonicatany.cat\/?fbclid=IwAR1afbgadNmMggjuqKAm6Hc3zujUplmA0daj2OJfIBShsERtjumeW35dh_w\" rel=\"nofollow noopener noreferrer\" role=\"link\" target=\"_blank\" tabindex=\"0\">https:\/\/fundaciotonicatany.cat\/<\/a><\/span><\/div>\n<\/div>\n<p>[\/et_pb_text][\/et_pb_column][\/et_pb_row][et_pb_row _builder_version=\u00bb4.23.4&#8243; _module_preset=\u00bbdefault\u00bb global_colors_info=\u00bb{}\u00bb][et_pb_column type=\u00bb4_4&#8243; _builder_version=\u00bb4.23.4&#8243; _module_preset=\u00bbdefault\u00bb global_colors_info=\u00bb{}\u00bb][dipi_masonry_gallery gallery_ids=\u00bb22988314,22988315,22988316,22988317,22988339,22988340,22988356,22988354&#8243; _builder_version=\u00bb4.23.4&#8243; _module_preset=\u00bbdefault\u00bb global_colors_info=\u00bb{}\u00bb][\/dipi_masonry_gallery][\/et_pb_column][\/et_pb_row][\/et_pb_section]<\/p>\n","protected":false},"excerpt":{"rendered":"<p>Casos de \u00e9xito Damos las gracias al Centro Internacional de Fotograf\u00eda Toni Catany ya su fundaci\u00f3n por confiar en IB Seguridad por sus sistemas de seguridad. Le animamos a ver su p\u00e1gina web, donde ofrece una interesante agenda cultural de exposiciones y actividades https:\/\/fundaciotonicatany.cat\/ <div class=\"et_pb_module dipi_masonry_gallery dipi_masonry_gallery_0\">\n\t\t\t\t\n\t\t\t\t\n\t\t\t\t\n\t\t\t\t\n\t\t\t\t\n\t\t\t\t\n\t\t\t\t<div class=\"et_pb_module_inner\">\n\t\t\t\t\t<div class=\"dipi_masonry_gallery_wrapper\" data-config=\"{&quot;infinite_scroll_viewport&quot;:&quot;25%&quot;}\">\n                \n            <div\n                class=\"dipi_masonry_gallery_container animated none\"\n                \n                data-count=\"8\"\n                data-anim=\"none\"\n            >\n                <div class=\"grid show_lightbox show_lightbox_tablet show_lightbox_phone hide_overlay \" data-lazy=\"false\" >\n                    <div class=\"grid-sizer\"><\/div><div class=\"gutter-sizer\"><\/div><div class=\"grid-item et_pb_gallery_image \">\n                       \n                        <div class=\"img-container dipi-mg-animation dipi-mg-none\" href=\"https:\/\/ibseguretat.com\/wp-content\/uploads\/2023\/12\/arcs-antirobatori.jpg\">\n                            <img decoding=\"async\" src=\"https:\/\/ibseguretat.com\/wp-content\/uploads\/2023\/12\/arcs-antirobatori.jpg\"\n                                alt=\"\"\n                                loading=\"lazy\"\n                            \/>\n                            <span class=\"dipi_masonry_gallery_overlay background\"><\/span>\n                <span class=\"dipi_masonry_gallery_overlay background-hover\"><\/span>\n                <span class=\"dipi_masonry_gallery_overlay content\" style=\"transition-duration: 0ms;\">\n                    <div class=\"et-pb-icon  dipi-mansonry-gallery-icon animated fadeInUp\"data-no-icon><\/div>\n                    \n                    \n                <\/span>\n                        <\/div>\n                    \n                <\/div><div class=\"grid-item et_pb_gallery_image \">\n                       \n                        <div class=\"img-container dipi-mg-animation dipi-mg-none\" href=\"https:\/\/ibseguretat.com\/wp-content\/uploads\/2023\/12\/detector-metalls.jpg\">\n                            <img decoding=\"async\" src=\"https:\/\/ibseguretat.com\/wp-content\/uploads\/2023\/12\/detector-metalls.jpg\"\n                                alt=\"\"\n                                loading=\"lazy\"\n                            \/>\n                            <span class=\"dipi_masonry_gallery_overlay background\"><\/span>\n                <span class=\"dipi_masonry_gallery_overlay background-hover\"><\/span>\n                <span class=\"dipi_masonry_gallery_overlay content\" style=\"transition-duration: 0ms;\">\n                    <div class=\"et-pb-icon  dipi-mansonry-gallery-icon animated fadeInUp\"data-no-icon><\/div>\n                    \n                    \n                <\/span>\n                        <\/div>\n                    \n                <\/div><div class=\"grid-item et_pb_gallery_image \">\n                       \n                        <div class=\"img-container dipi-mg-animation dipi-mg-none\" href=\"https:\/\/ibseguretat.com\/wp-content\/uploads\/2023\/12\/etiquetes.jpg\">\n                            <img decoding=\"async\" src=\"https:\/\/ibseguretat.com\/wp-content\/uploads\/2023\/12\/etiquetes.jpg\"\n                                alt=\"\"\n                                loading=\"lazy\"\n                            \/>\n                            <span class=\"dipi_masonry_gallery_overlay background\"><\/span>\n                <span class=\"dipi_masonry_gallery_overlay background-hover\"><\/span>\n                <span class=\"dipi_masonry_gallery_overlay content\" style=\"transition-duration: 0ms;\">\n                    <div class=\"et-pb-icon  dipi-mansonry-gallery-icon animated fadeInUp\"data-no-icon><\/div>\n                    \n                    \n                <\/span>\n                        <\/div>\n                    \n                <\/div><div class=\"grid-item et_pb_gallery_image \">\n                       \n                        <div class=\"img-container dipi-mg-animation dipi-mg-none\" href=\"https:\/\/ibseguretat.com\/wp-content\/uploads\/2023\/12\/tunel-raigx.jpg\">\n                            <img decoding=\"async\" src=\"https:\/\/ibseguretat.com\/wp-content\/uploads\/2023\/12\/tunel-raigx.jpg\"\n                                alt=\"\"\n                                loading=\"lazy\"\n                            \/>\n                            <span class=\"dipi_masonry_gallery_overlay background\"><\/span>\n                <span class=\"dipi_masonry_gallery_overlay background-hover\"><\/span>\n                <span class=\"dipi_masonry_gallery_overlay content\" style=\"transition-duration: 0ms;\">\n                    <div class=\"et-pb-icon  dipi-mansonry-gallery-icon animated fadeInUp\"data-no-icon><\/div>\n                    \n                    \n                <\/span>\n                        <\/div>\n                    \n                <\/div><div class=\"grid-item et_pb_gallery_image \">\n                       \n                        <div class=\"img-container dipi-mg-animation dipi-mg-none\" href=\"https:\/\/ibseguretat.com\/wp-content\/uploads\/2023\/12\/centre-control.jpg\">\n                            <img decoding=\"async\" src=\"https:\/\/ibseguretat.com\/wp-content\/uploads\/2023\/12\/centre-control.jpg\"\n                                alt=\"\"\n                                loading=\"lazy\"\n                            \/>\n                            <span class=\"dipi_masonry_gallery_overlay background\"><\/span>\n                <span class=\"dipi_masonry_gallery_overlay background-hover\"><\/span>\n                <span class=\"dipi_masonry_gallery_overlay content\" style=\"transition-duration: 0ms;\">\n                    <div class=\"et-pb-icon  dipi-mansonry-gallery-icon animated fadeInUp\"data-no-icon><\/div>\n                    \n                    \n                <\/span>\n                        <\/div>\n                    \n                <\/div><div class=\"grid-item et_pb_gallery_image \">\n                       \n                        <div class=\"img-container dipi-mg-animation dipi-mg-none\" href=\"https:\/\/ibseguretat.com\/wp-content\/uploads\/2023\/12\/seguridad-eventos.jpg\">\n                            <img decoding=\"async\" src=\"https:\/\/ibseguretat.com\/wp-content\/uploads\/2023\/12\/seguridad-eventos.jpg\"\n                                alt=\"\"\n                                loading=\"lazy\"\n                            \/>\n                            <span class=\"dipi_masonry_gallery_overlay background\"><\/span>\n                <span class=\"dipi_masonry_gallery_overlay background-hover\"><\/span>\n                <span class=\"dipi_masonry_gallery_overlay content\" style=\"transition-duration: 0ms;\">\n                    <div class=\"et-pb-icon  dipi-mansonry-gallery-icon animated fadeInUp\"data-no-icon><\/div>\n                    \n                    \n                <\/span>\n                        <\/div>\n                    \n                <\/div><div class=\"grid-item et_pb_gallery_image \">\n                       \n                        <div class=\"img-container dipi-mg-animation dipi-mg-none\" href=\"https:\/\/ibseguretat.com\/wp-content\/uploads\/2023\/12\/boca-incendio.png\">\n                            <img decoding=\"async\" src=\"https:\/\/ibseguretat.com\/wp-content\/uploads\/2023\/12\/boca-incendio.png\"\n                                alt=\"\"\n                                loading=\"lazy\"\n                            \/>\n                            <span class=\"dipi_masonry_gallery_overlay background\"><\/span>\n                <span class=\"dipi_masonry_gallery_overlay background-hover\"><\/span>\n                <span class=\"dipi_masonry_gallery_overlay content\" style=\"transition-duration: 0ms;\">\n                    <div class=\"et-pb-icon  dipi-mansonry-gallery-icon animated fadeInUp\"data-no-icon><\/div>\n                    \n                    \n                <\/span>\n                        <\/div>\n                    \n                <\/div><div class=\"grid-item et_pb_gallery_image \">\n                       \n                        <div class=\"img-container dipi-mg-animation dipi-mg-none\" href=\"https:\/\/ibseguretat.com\/wp-content\/uploads\/2023\/12\/extintors.jpg\">\n                            <img decoding=\"async\" src=\"https:\/\/ibseguretat.com\/wp-content\/uploads\/2023\/12\/extintors.jpg\"\n                                alt=\"\"\n                                loading=\"lazy\"\n                            \/>\n                            <span class=\"dipi_masonry_gallery_overlay background\"><\/span>\n                <span class=\"dipi_masonry_gallery_overlay background-hover\"><\/span>\n                <span class=\"dipi_masonry_gallery_overlay content\" style=\"transition-duration: 0ms;\">\n                    <div class=\"et-pb-icon  dipi-mansonry-gallery-icon animated fadeInUp\"data-no-icon><\/div>\n                    \n                    \n                <\/span>\n                        <\/div>\n                    \n                <\/div>\n                <\/div>\n                \n            <\/div>\n            \n            <\/div>\n             \n\t\t\t\t<\/div>\n\t\t\t<\/div><\/p>\n","protected":false},"author":4,"featured_media":0,"parent":0,"menu_order":0,"comment_status":"closed","ping_status":"closed","template":"","meta":{"_et_pb_use_builder":"on","_et_pb_old_content":"","_et_gb_content_width":"","footnotes":"","_joinchat":[]},"dipi_cpt_category":[],"yoast_head":"<!-- This site is optimized with the Yoast SEO plugin v23.5 - https:\/\/yoast.com\/wordpress\/plugins\/seo\/ -->\n<title>Casos de \u00e9xito - IB Seguretat<\/title>\n<meta name=\"description\" content=\"Si tienes alguna duda o quieres que te hagamos un presupuesto totalmente gratuito, \u00a1contacta con nosotros!\" \/>\n<meta name=\"robots\" content=\"index, follow, max-snippet:-1, max-image-preview:large, max-video-preview:-1\" \/>\n<link rel=\"canonical\" href=\"https:\/\/ibseguretat.com\/es\/casos-de-exito\/\" \/>\n<meta property=\"og:locale\" content=\"es_ES\" \/>\n<meta property=\"og:type\" content=\"article\" \/>\n<meta property=\"og:title\" content=\"Casos de \u00e9xito - IB Seguretat\" \/>\n<meta property=\"og:description\" content=\"Si tienes alguna duda o quieres que te hagamos un presupuesto totalmente gratuito, \u00a1contacta con nosotros!\" \/>\n<meta property=\"og:url\" content=\"https:\/\/ibseguretat.com\/es\/casos-de-exito\/\" \/>\n<meta property=\"og:site_name\" content=\"IB Seguretat\" \/>\n<meta property=\"article:modified_time\" content=\"2024-02-06T16:22:32+00:00\" \/>\n<meta name=\"twitter:card\" content=\"summary_large_image\" \/>\n<meta name=\"twitter:label1\" content=\"Tiempo de lectura\" \/>\n\t<meta name=\"twitter:data1\" content=\"2 minutos\" \/>\n<script type=\"application\/ld+json\" class=\"yoast-schema-graph\">{\"@context\":\"https:\/\/schema.org\",\"@graph\":[{\"@type\":\"WebPage\",\"@id\":\"https:\/\/ibseguretat.com\/es\/casos-de-exito\/\",\"url\":\"https:\/\/ibseguretat.com\/es\/casos-de-exito\/\",\"name\":\"Casos de \u00e9xito - IB Seguretat\",\"isPartOf\":{\"@id\":\"https:\/\/ibseguretat.com\/#website\"},\"datePublished\":\"2024-01-25T16:13:24+00:00\",\"dateModified\":\"2024-02-06T16:22:32+00:00\",\"description\":\"Si tienes alguna duda o quieres que te hagamos un presupuesto totalmente gratuito, \u00a1contacta con nosotros!\",\"breadcrumb\":{\"@id\":\"https:\/\/ibseguretat.com\/es\/casos-de-exito\/#breadcrumb\"},\"inLanguage\":\"es\",\"potentialAction\":[{\"@type\":\"ReadAction\",\"target\":[\"https:\/\/ibseguretat.com\/es\/casos-de-exito\/\"]}]},{\"@type\":\"BreadcrumbList\",\"@id\":\"https:\/\/ibseguretat.com\/es\/casos-de-exito\/#breadcrumb\",\"itemListElement\":[{\"@type\":\"ListItem\",\"position\":1,\"name\":\"Inici\",\"item\":\"https:\/\/ibseguretat.com\/es\/\"},{\"@type\":\"ListItem\",\"position\":2,\"name\":\"Casos de \u00e9xito\"}]},{\"@type\":\"WebSite\",\"@id\":\"https:\/\/ibseguretat.com\/#website\",\"url\":\"https:\/\/ibseguretat.com\/\",\"name\":\"IB Seguretat\",\"description\":\"Sistemes de seguretat i vigilancia\",\"publisher\":{\"@id\":\"https:\/\/ibseguretat.com\/#organization\"},\"potentialAction\":[{\"@type\":\"SearchAction\",\"target\":{\"@type\":\"EntryPoint\",\"urlTemplate\":\"https:\/\/ibseguretat.com\/?s={search_term_string}\"},\"query-input\":{\"@type\":\"PropertyValueSpecification\",\"valueRequired\":true,\"valueName\":\"search_term_string\"}}],\"inLanguage\":\"es\"},{\"@type\":\"Organization\",\"@id\":\"https:\/\/ibseguretat.com\/#organization\",\"name\":\"IB Seguretat\",\"url\":\"https:\/\/ibseguretat.com\/\",\"logo\":{\"@type\":\"ImageObject\",\"inLanguage\":\"es\",\"@id\":\"https:\/\/ibseguretat.com\/#\/schema\/logo\/image\/\",\"url\":\"http:\/\/ibseguretat.com\/wp-content\/uploads\/2023\/11\/Logo-IB-Seguretat-Q.png\",\"contentUrl\":\"http:\/\/ibseguretat.com\/wp-content\/uploads\/2023\/11\/Logo-IB-Seguretat-Q.png\",\"width\":700,\"height\":585,\"caption\":\"IB Seguretat\"},\"image\":{\"@id\":\"https:\/\/ibseguretat.com\/#\/schema\/logo\/image\/\"}}]}<\/script>\n<!-- \/ Yoast SEO plugin. -->","yoast_head_json":{"title":"Casos de \u00e9xito - IB Seguretat","description":"Si tienes alguna duda o quieres que te hagamos un presupuesto totalmente gratuito, \u00a1contacta con nosotros!","robots":{"index":"index","follow":"follow","max-snippet":"max-snippet:-1","max-image-preview":"max-image-preview:large","max-video-preview":"max-video-preview:-1"},"canonical":"https:\/\/ibseguretat.com\/es\/casos-de-exito\/","og_locale":"es_ES","og_type":"article","og_title":"Casos de \u00e9xito - IB Seguretat","og_description":"Si tienes alguna duda o quieres que te hagamos un presupuesto totalmente gratuito, \u00a1contacta con nosotros!","og_url":"https:\/\/ibseguretat.com\/es\/casos-de-exito\/","og_site_name":"IB Seguretat","article_modified_time":"2024-02-06T16:22:32+00:00","twitter_card":"summary_large_image","twitter_misc":{"Tiempo de lectura":"2 minutos"},"schema":{"@context":"https:\/\/schema.org","@graph":[{"@type":"WebPage","@id":"https:\/\/ibseguretat.com\/es\/casos-de-exito\/","url":"https:\/\/ibseguretat.com\/es\/casos-de-exito\/","name":"Casos de \u00e9xito - IB Seguretat","isPartOf":{"@id":"https:\/\/ibseguretat.com\/#website"},"datePublished":"2024-01-25T16:13:24+00:00","dateModified":"2024-02-06T16:22:32+00:00","description":"Si tienes alguna duda o quieres que te hagamos un presupuesto totalmente gratuito, \u00a1contacta con nosotros!","breadcrumb":{"@id":"https:\/\/ibseguretat.com\/es\/casos-de-exito\/#breadcrumb"},"inLanguage":"es","potentialAction":[{"@type":"ReadAction","target":["https:\/\/ibseguretat.com\/es\/casos-de-exito\/"]}]},{"@type":"BreadcrumbList","@id":"https:\/\/ibseguretat.com\/es\/casos-de-exito\/#breadcrumb","itemListElement":[{"@type":"ListItem","position":1,"name":"Inici","item":"https:\/\/ibseguretat.com\/es\/"},{"@type":"ListItem","position":2,"name":"Casos de \u00e9xito"}]},{"@type":"WebSite","@id":"https:\/\/ibseguretat.com\/#website","url":"https:\/\/ibseguretat.com\/","name":"IB Seguretat","description":"Sistemes de seguretat i vigilancia","publisher":{"@id":"https:\/\/ibseguretat.com\/#organization"},"potentialAction":[{"@type":"SearchAction","target":{"@type":"EntryPoint","urlTemplate":"https:\/\/ibseguretat.com\/?s={search_term_string}"},"query-input":{"@type":"PropertyValueSpecification","valueRequired":true,"valueName":"search_term_string"}}],"inLanguage":"es"},{"@type":"Organization","@id":"https:\/\/ibseguretat.com\/#organization","name":"IB Seguretat","url":"https:\/\/ibseguretat.com\/","logo":{"@type":"ImageObject","inLanguage":"es","@id":"https:\/\/ibseguretat.com\/#\/schema\/logo\/image\/","url":"http:\/\/ibseguretat.com\/wp-content\/uploads\/2023\/11\/Logo-IB-Seguretat-Q.png","contentUrl":"http:\/\/ibseguretat.com\/wp-content\/uploads\/2023\/11\/Logo-IB-Seguretat-Q.png","width":700,"height":585,"caption":"IB Seguretat"},"image":{"@id":"https:\/\/ibseguretat.com\/#\/schema\/logo\/image\/"}}]}},"_links":{"self":[{"href":"https:\/\/ibseguretat.com\/es\/wp-json\/wp\/v2\/pages\/22989035"}],"collection":[{"href":"https:\/\/ibseguretat.com\/es\/wp-json\/wp\/v2\/pages"}],"about":[{"href":"https:\/\/ibseguretat.com\/es\/wp-json\/wp\/v2\/types\/page"}],"author":[{"embeddable":true,"href":"https:\/\/ibseguretat.com\/es\/wp-json\/wp\/v2\/users\/4"}],"replies":[{"embeddable":true,"href":"https:\/\/ibseguretat.com\/es\/wp-json\/wp\/v2\/comments?post=22989035"}],"version-history":[{"count":5,"href":"https:\/\/ibseguretat.com\/es\/wp-json\/wp\/v2\/pages\/22989035\/revisions"}],"predecessor-version":[{"id":22989040,"href":"https:\/\/ibseguretat.com\/es\/wp-json\/wp\/v2\/pages\/22989035\/revisions\/22989040"}],"wp:attachment":[{"href":"https:\/\/ibseguretat.com\/es\/wp-json\/wp\/v2\/media?parent=22989035"}],"wp:term":[{"taxonomy":"dipi_cpt_category","embeddable":true,"href":"https:\/\/ibseguretat.com\/es\/wp-json\/wp\/v2\/dipi_cpt_category?post=22989035"}],"curies":[{"name":"wp","href":"https:\/\/api.w.org\/{rel}","templated":true}]}}